{"id":713,"date":"2022-03-13T20:58:15","date_gmt":"2022-03-13T20:58:15","guid":{"rendered":"https:\/\/entelalibros.com\/en\/product\/each-in-his-own\/"},"modified":"2022-04-04T22:06:33","modified_gmt":"2022-04-04T22:06:33","slug":"each-in-his-own","status":"publish","type":"product","link":"https:\/\/entelalibros.com\/en\/product\/each-in-his-own\/","title":{"rendered":"EACH IN HIS OWN"},"content":{"rendered":"<p>Author Mar\u00eda Teresa De la Vega G\u00f3mez1 UnitIllustrations Mar\u00eda Teresa De La Vega G.10 pages Format 28&#215;28 cm100% non-toxic washable antiallergic cottonISBN 958-958-98569-3-2Ref 10032<\/p>\n","protected":false},"excerpt":{"rendered":"<p>Each of us has many things to do during the day. The most important thing is that in the end we look for moments to share our experiences as a family.<\/p>\n","protected":false},"featured_media":975,"comment_status":"open","ping_status":"closed","template":"","meta":{"_locale":"en_US","_original_post":""},"product_cat":[31,48],"product_tag":[],"_links":{"self":[{"href":"https:\/\/entelalibros.com\/en\/wp-json\/wp\/v2\/product\/713"}],"collection":[{"href":"https:\/\/entelalibros.com\/en\/wp-json\/wp\/v2\/product"}],"about":[{"href":"https:\/\/entelalibros.com\/en\/wp-json\/wp\/v2\/types\/product"}],"replies":[{"embeddable":true,"href":"https:\/\/entelalibros.com\/en\/wp-json\/wp\/v2\/comments?post=713"}],"wp:featuredmedia":[{"embeddable":true,"href":"https:\/\/entelalibros.com\/en\/wp-json\/wp\/v2\/media\/975"}],"wp:attachment":[{"href":"https:\/\/entelalibros.com\/en\/wp-json\/wp\/v2\/media?parent=713"}],"wp:term":[{"taxonomy":"product_cat","embeddable":true,"href":"https:\/\/entelalibros.com\/en\/wp-json\/wp\/v2\/product_cat?post=713"},{"taxonomy":"product_tag","embeddable":true,"href":"https:\/\/entelalibros.com\/en\/wp-json\/wp\/v2\/product_tag?post=713"}],"curies":[{"name":"wp","href":"https:\/\/api.w.org\/{rel}","templated":true}]}}