{"id":716,"date":"2022-03-13T20:58:15","date_gmt":"2022-03-13T20:58:15","guid":{"rendered":"https:\/\/entelalibros.com\/en\/product\/in-my-room\/"},"modified":"2022-04-04T22:06:33","modified_gmt":"2022-04-04T22:06:33","slug":"in-my-room","status":"publish","type":"product","link":"https:\/\/entelalibros.com\/en\/product\/in-my-room\/","title":{"rendered":"IN MY ROOM"},"content":{"rendered":"<p>Author Mar\u00eda Teresa De la Vega G\u00f3mezIllustrations Mar\u00eda Teresa De La Vega G.10 pages Format 16&#215;16 cm100% non-toxic washable antiallergic cottonISBN 958-97344-0-5Ref 10014<\/p>\n","protected":false},"excerpt":{"rendered":"<p>The value of friendship is recreated in this story, where each of<br \/>\nobjects in the room becomes a matchless companion of<br \/>\ngreat adventures.<\/p>\n","protected":false},"featured_media":977,"comment_status":"open","ping_status":"closed","template":"","meta":{"_locale":"en_US","_original_post":""},"product_cat":[31,45],"product_tag":[],"_links":{"self":[{"href":"https:\/\/entelalibros.com\/en\/wp-json\/wp\/v2\/product\/716"}],"collection":[{"href":"https:\/\/entelalibros.com\/en\/wp-json\/wp\/v2\/product"}],"about":[{"href":"https:\/\/entelalibros.com\/en\/wp-json\/wp\/v2\/types\/product"}],"replies":[{"embeddable":true,"href":"https:\/\/entelalibros.com\/en\/wp-json\/wp\/v2\/comments?post=716"}],"wp:featuredmedia":[{"embeddable":true,"href":"https:\/\/entelalibros.com\/en\/wp-json\/wp\/v2\/media\/977"}],"wp:attachment":[{"href":"https:\/\/entelalibros.com\/en\/wp-json\/wp\/v2\/media?parent=716"}],"wp:term":[{"taxonomy":"product_cat","embeddable":true,"href":"https:\/\/entelalibros.com\/en\/wp-json\/wp\/v2\/product_cat?post=716"},{"taxonomy":"product_tag","embeddable":true,"href":"https:\/\/entelalibros.com\/en\/wp-json\/wp\/v2\/product_tag?post=716"}],"curies":[{"name":"wp","href":"https:\/\/api.w.org\/{rel}","templated":true}]}}